{"id":227,"date":"2022-11-21T06:58:29","date_gmt":"2022-11-21T04:58:29","guid":{"rendered":"https:\/\/sharkcup.hph.cz\/nachrichten\/"},"modified":"2023-08-15T14:56:25","modified_gmt":"2023-08-15T12:56:25","slug":"nachrichten","status":"publish","type":"page","link":"https:\/\/sharkcup.hph.cz\/de\/nachrichten\/","title":{"rendered":"Neuigkeiten"},"content":{"rendered":"\n<div class=\"wp-block-query is-layout-flow wp-block-query-is-layout-flow\"><ul class=\"wp-block-post-template is-layout-flow wp-block-post-template-is-layout-flow\"><li class=\"wp-block-post post-681 post type-post status-publish format-standard hentry category-news-de\"><\/li><li class=\"wp-block-post post-556 post type-post status-publish format-standard hentry category-news-de\"><\/li><li class=\"wp-block-post post-443 post type-post status-publish format-standard hentry category-news-de\"><\/li><li class=\"wp-block-post post-261 post type-post status-publish format-standard hentry category-news-de\"><\/li><\/ul><\/div>\n\n<div class=\"wp-block-query is-layout-flow wp-block-query-is-layout-flow\"><ul class=\"wp-block-post-template is-layout-flow wp-block-post-template-is-layout-flow\"><li class=\"wp-block-post post-681 post type-post status-publish format-standard hentry category-news-de\">\n<h2 class=\"wp-block-post-title\"><a href=\"https:\/\/sharkcup.hph.cz\/de\/2023\/08\/27\/5-sharktreffen-2023-in-zbraslavice-eine-woche-voller-kameradschaft-fliegen-und-erkundung\/\" target=\"_self\" >5. SharkTreffen 2023 in Zbraslavice: Eine Woche voller Kameradschaft, Fliegen und Erkundung<\/a><\/h2>\n\n\n\n<div class=\"wp-block-post-excerpt\"><p class=\"wp-block-post-excerpt__excerpt\">Vom 19. bis 26. August 2023 traf sich die Shark-Familie zum 5. Shark-Treffen in Zbraslavice. Die Veranstaltung fand auf dem tschechischen Flugplatz in der N\u00e4he des Hauptsitzes von HpH Sailplanes statt und brachte 25 Piloten f\u00fcr eine Woche der Kameradschaft, gemeinsamer Fl\u00fcge und der Nutzung der von HpH angebotenen Wartungsdienste zusammen. <\/p><\/div>\n\n\n<hr class=\"wp-block-separator has-css-opacity\"\/>\n\n\n<div class=\"wp-block-post-date\"><time datetime=\"2023-08-27T22:04:00+02:00\">August 27, 2023<\/time><\/div>\n<\/li><li class=\"wp-block-post post-556 post type-post status-publish format-standard hentry category-news-de\">\n<h2 class=\"wp-block-post-title\"><a href=\"https:\/\/sharkcup.hph.cz\/de\/2023\/08\/10\/lebensmittelgeschaefte-und-restaurants-in-der-naehe-des-flugplatzes-zbraslavice\/\" target=\"_self\" >Lebensmittelgesch\u00e4fte und Restaurants in der N\u00e4he des Flugplatzes Zbraslavice<\/a><\/h2>\n\n\n\n<div class=\"wp-block-post-excerpt\"><p class=\"wp-block-post-excerpt__excerpt\"> <\/p><\/div>\n\n\n<hr class=\"wp-block-separator has-css-opacity\"\/>\n\n\n<div class=\"wp-block-post-date\"><time datetime=\"2023-08-10T16:12:32+02:00\">August 10, 2023<\/time><\/div>\n<\/li><li class=\"wp-block-post post-443 post type-post status-publish format-standard hentry category-news-de\">\n<h2 class=\"wp-block-post-title\"><a href=\"https:\/\/sharkcup.hph.cz\/de\/2023\/07\/05\/unterkunftsmoeglichkeiten-beim-sharkcup\/\" target=\"_self\" >Unterkunftsm\u00f6glichkeiten beim SharkCup<\/a><\/h2>\n\n\n\n<div class=\"wp-block-post-excerpt\"><p class=\"wp-block-post-excerpt__excerpt\">Der in der malerischen Region Zbraslavice gelegene Flugplatz Zbraslavice (LKZB) ist nicht nur ein Drehkreuz f\u00fcr Luftfahrtenthusiasten, sondern bietet auch eine Reihe von Unterkunftsm\u00f6glichkeiten f\u00fcr die unterschiedlichsten Anspr\u00fcche. <\/p><\/div>\n\n\n<hr class=\"wp-block-separator has-css-opacity\"\/>\n\n\n<div class=\"wp-block-post-date\"><time datetime=\"2023-07-05T17:31:44+02:00\">Juli 5, 2023<\/time><\/div>\n<\/li><li class=\"wp-block-post post-261 post type-post status-publish format-standard hentry category-news-de\">\n<h2 class=\"wp-block-post-title\"><a href=\"https:\/\/sharkcup.hph.cz\/de\/2023\/04\/04\/der-shark-cup-2023-findet-in-zbraslavice-tschechien-statt\/\" target=\"_self\" >Der Shark Cup 2023 wird in Zbraslavice, Tschechien, stattfinden!<\/a><\/h2>\n\n\n\n<div class=\"wp-block-post-excerpt\"><p class=\"wp-block-post-excerpt__excerpt\">Das 5. Shark-Treffen wird vom 19. bis 26. August 2023 in ZBRASLAVICE (Tschechische Republik) stattfinden. <\/p><\/div>\n\n\n<hr class=\"wp-block-separator has-css-opacity\"\/>\n\n\n<div class=\"wp-block-post-date\"><time datetime=\"2023-04-04T16:31:22+02:00\">April 4, 2023<\/time><\/div>\n<\/li><\/ul><\/div>\n","protected":false},"excerpt":{"rendered":"","protected":false},"author":1,"featured_media":0,"parent":0,"menu_order":0,"comment_status":"closed","ping_status":"closed","template":"","meta":{"footnotes":""},"class_list":["post-227","page","type-page","status-publish","hentry"],"_links":{"self":[{"href":"https:\/\/sharkcup.hph.cz\/de\/wp-json\/wp\/v2\/pages\/227","targetHints":{"allow":["GET"]}}],"collection":[{"href":"https:\/\/sharkcup.hph.cz\/de\/wp-json\/wp\/v2\/pages"}],"about":[{"href":"https:\/\/sharkcup.hph.cz\/de\/wp-json\/wp\/v2\/types\/page"}],"author":[{"embeddable":true,"href":"https:\/\/sharkcup.hph.cz\/de\/wp-json\/wp\/v2\/users\/1"}],"replies":[{"embeddable":true,"href":"https:\/\/sharkcup.hph.cz\/de\/wp-json\/wp\/v2\/comments?post=227"}],"version-history":[{"count":29,"href":"https:\/\/sharkcup.hph.cz\/de\/wp-json\/wp\/v2\/pages\/227\/revisions"}],"predecessor-version":[{"id":632,"href":"https:\/\/sharkcup.hph.cz\/de\/wp-json\/wp\/v2\/pages\/227\/revisions\/632"}],"wp:attachment":[{"href":"https:\/\/sharkcup.hph.cz\/de\/wp-json\/wp\/v2\/media?parent=227"}],"curies":[{"name":"wp","href":"https:\/\/api.w.org\/{rel}","templated":true}]}}